{"id":948,"date":"2024-08-27T18:19:59","date_gmt":"2024-08-27T18:19:59","guid":{"rendered":"https:\/\/bajacoastluxury.com\/?page_id=948"},"modified":"2024-09-27T23:59:51","modified_gmt":"2024-09-27T23:59:51","slug":"rental-pdf","status":"publish","type":"page","link":"https:\/\/bajacoastluxury.com\/es\/rental-pdf\/","title":{"rendered":"PDF Para Rentar"},"content":{"rendered":"<div data-elementor-type=\"wp-page\" data-elementor-id=\"948\" class=\"elementor elementor-948\" data-elementor-post-type=\"page\">\n\t\t\t\t<div class=\"elementor-element elementor-element-274b624f e-flex e-con-boxed e-con e-parent\" data-id=\"274b624f\" data-element_type=\"container\" data-e-type=\"container\">\n\t\t\t\t\t<div class=\"e-con-inner\">\n\t\t\t\t<div class=\"elementor-element elementor-element-34b9c65a elementor-widget elementor-widget-text-editor\" data-id=\"34b9c65a\" data-element_type=\"widget\" data-e-type=\"widget\" data-widget_type=\"text-editor.default\">\n\t\t\t\t<div class=\"elementor-widget-container\">\n\t\t\t\t\t\t\t\t\t\n<p>Descargue este PDF, compl\u00e9telo y env\u00edenoslo por correo electr\u00f3nico a info@bajacoastluxury.com.<\/p>\n\n<p>\u00a0<\/p>\n\t\t\t\t\t\t\t\t<\/div>\n\t\t\t\t<\/div>\n\t\t\t\t\t<\/div>\n\t\t\t\t<\/div>\n\t\t<div class=\"elementor-element elementor-element-149c126 e-flex e-con-boxed e-con e-parent\" data-id=\"149c126\" data-element_type=\"container\" data-e-type=\"container\">\n\t\t\t\t\t<div class=\"e-con-inner\">\n\t\t\t\t<div class=\"elementor-element elementor-element-8b18bbe elementor-widget elementor-widget-html\" data-id=\"8b18bbe\" data-element_type=\"widget\" data-e-type=\"widget\" data-widget_type=\"html.default\">\n\t\t\t\t<div class=\"elementor-widget-container\">\n\t\t\t\t\t <a href=\"https:\/\/www.bajacoastluxury.com\/Rental-Application.pdf\" download=\"Rental-Application\">\n     Descargar<\/a>\t\t\t\t<\/div>\n\t\t\t\t<\/div>\n\t\t\t\t\t<\/div>\n\t\t\t\t<\/div>\n\t\t<div class=\"elementor-element elementor-element-8e7030b e-flex e-con-boxed e-con e-parent\" data-id=\"8e7030b\" data-element_type=\"container\" data-e-type=\"container\">\n\t\t\t\t\t<div class=\"e-con-inner\">\n\t\t\t\t<div class=\"elementor-element elementor-element-09f2fdf elementor-widget elementor-widget-spacer\" data-id=\"09f2fdf\" data-element_type=\"widget\" data-e-type=\"widget\" data-widget_type=\"spacer.default\">\n\t\t\t\t<div class=\"elementor-widget-container\">\n\t\t\t\t\t\t\t<div class=\"elementor-spacer\">\n\t\t\t<div class=\"elementor-spacer-inner\"><\/div>\n\t\t<\/div>\n\t\t\t\t\t\t<\/div>\n\t\t\t\t<\/div>\n\t\t\t\t\t<\/div>\n\t\t\t\t<\/div>\n\t\t\t\t<\/div>","protected":false},"excerpt":{"rendered":"<p>Download this PDF, fill it out and email it to us at info@bajacoastluxury.com. \u00a0 Download<\/p>","protected":false},"author":1,"featured_media":0,"parent":0,"menu_order":0,"comment_status":"closed","ping_status":"closed","template":"","meta":{"_acf_changed":false,"footnotes":""},"class_list":["post-948","page","type-page","status-publish","hentry"],"acf":[],"_links":{"self":[{"href":"https:\/\/bajacoastluxury.com\/es\/wp-json\/wp\/v2\/pages\/948","targetHints":{"allow":["GET"]}}],"collection":[{"href":"https:\/\/bajacoastluxury.com\/es\/wp-json\/wp\/v2\/pages"}],"about":[{"href":"https:\/\/bajacoastluxury.com\/es\/wp-json\/wp\/v2\/types\/page"}],"author":[{"embeddable":true,"href":"https:\/\/bajacoastluxury.com\/es\/wp-json\/wp\/v2\/users\/1"}],"replies":[{"embeddable":true,"href":"https:\/\/bajacoastluxury.com\/es\/wp-json\/wp\/v2\/comments?post=948"}],"version-history":[{"count":23,"href":"https:\/\/bajacoastluxury.com\/es\/wp-json\/wp\/v2\/pages\/948\/revisions"}],"predecessor-version":[{"id":1575,"href":"https:\/\/bajacoastluxury.com\/es\/wp-json\/wp\/v2\/pages\/948\/revisions\/1575"}],"wp:attachment":[{"href":"https:\/\/bajacoastluxury.com\/es\/wp-json\/wp\/v2\/media?parent=948"}],"curies":[{"name":"wp","href":"https:\/\/api.w.org\/{rel}","templated":true}]}}